{"id":46,"date":"2016-06-18T12:06:50","date_gmt":"2016-06-18T10:06:50","guid":{"rendered":"http:\/\/www.ktcscheibbs.at\/?page_id=46"},"modified":"2026-04-08T07:53:19","modified_gmt":"2026-04-08T05:53:19","slug":"leistungen","status":"publish","type":"page","link":"https:\/\/www.ktcscheibbs.at\/?page_id=46","title":{"rendered":"Leistungen"},"content":{"rendered":"\n\t\t<style type=\"text\/css\">\n\t\t\t#gallery-1 {\n\t\t\t\tmargin: auto;\n\t\t\t}\n\t\t\t#gallery-1 .gallery-item {\n\t\t\t\tfloat: left;\n\t\t\t\tmargin-top: 10px;\n\t\t\t\ttext-align: center;\n\t\t\t\twidth: 33%;\n\t\t\t}\n\t\t\t#gallery-1 img {\n\t\t\t\tborder: 2px solid #cfcfcf;\n\t\t\t}\n\t\t\t#gallery-1 .gallery-caption {\n\t\t\t\tmargin-left: 0;\n\t\t\t}\n\t\t\t\/* see gallery_shortcode() in wp-includes\/media.php *\/\n\t\t<\/style>\n\t\t<div id='gallery-1' class='gallery galleryid-46 gallery-columns-3 gallery-size-thumbnail'><dl class='gallery-item'>\n\t\t\t<dt class='gallery-icon portrait'>\n\t\t\t\t<a href='https:\/\/www.ktcscheibbs.at\/?attachment_id=78'><img loading=\"lazy\" decoding=\"async\" width=\"150\" height=\"150\" src=\"https:\/\/www.ktcscheibbs.at\/wp-content\/uploads\/2016\/06\/Pruefstelle-150x150.png\" class=\"attachment-thumbnail size-thumbnail\" alt=\"\" aria-describedby=\"gallery-1-78\" \/><\/a>\n\t\t\t<\/dt>\n\t\t\t\t<dd class='wp-caption-text gallery-caption' id='gallery-1-78'>\n\t\t\t\tWir sind berechtigt die j\u00e4hrliche Begutachtung nach \u00a757a f\u00fcr alle Marken durchzuf\u00fchren.\n\t\t\t\t<\/dd><\/dl><dl class='gallery-item'>\n\t\t\t<dt class='gallery-icon landscape'>\n\t\t\t\t<a href='https:\/\/www.ktcscheibbs.at\/?attachment_id=146'><img loading=\"lazy\" decoding=\"async\" width=\"150\" height=\"150\" src=\"https:\/\/www.ktcscheibbs.at\/wp-content\/uploads\/2016\/12\/Reifen-150x150.jpg\" class=\"attachment-thumbnail size-thumbnail\" alt=\"\" aria-describedby=\"gallery-1-146\" \/><\/a>\n\t\t\t<\/dt>\n\t\t\t\t<dd class='wp-caption-text gallery-caption' id='gallery-1-146'>\n\t\t\t\tTop-Preise, Depotm\u00f6glichkeit f\u00fcr Sommer- und Winterr\u00e4der.\n\t\t\t\t<\/dd><\/dl><dl class='gallery-item'>\n\t\t\t<dt class='gallery-icon landscape'>\n\t\t\t\t<a href='https:\/\/www.ktcscheibbs.at\/?attachment_id=74'><img loading=\"lazy\" decoding=\"async\" width=\"150\" height=\"150\" src=\"https:\/\/www.ktcscheibbs.at\/wp-content\/uploads\/2016\/06\/ERsatzwagen-150x150.png\" class=\"attachment-thumbnail size-thumbnail\" alt=\"\" aria-describedby=\"gallery-1-74\" srcset=\"https:\/\/www.ktcscheibbs.at\/wp-content\/uploads\/2016\/06\/ERsatzwagen-150x150.png 150w, https:\/\/www.ktcscheibbs.at\/wp-content\/uploads\/2016\/06\/ERsatzwagen.png 250w\" sizes=\"auto, (max-width: 150px) 100vw, 150px\" \/><\/a>\n\t\t\t<\/dt>\n\t\t\t\t<dd class='wp-caption-text gallery-caption' id='gallery-1-74'>\n\t\t\t\tW\u00e4hrend der Reparatur Ihres Fahrzeuges bieten wir Ihnen einen Ersatzwagen an\n\t\t\t\t<\/dd><\/dl><br style=\"clear: both\" \/><dl class='gallery-item'>\n\t\t\t<dt class='gallery-icon landscape'>\n\t\t\t\t<a href='https:\/\/www.ktcscheibbs.at\/?attachment_id=64'><img loading=\"lazy\" decoding=\"async\" width=\"150\" height=\"150\" src=\"https:\/\/www.ktcscheibbs.at\/wp-content\/uploads\/2016\/06\/telephon-icon-rot-150x150.jpg\" class=\"attachment-thumbnail size-thumbnail\" alt=\"\" aria-describedby=\"gallery-1-64\" srcset=\"https:\/\/www.ktcscheibbs.at\/wp-content\/uploads\/2016\/06\/telephon-icon-rot-150x150.jpg 150w, https:\/\/www.ktcscheibbs.at\/wp-content\/uploads\/2016\/06\/telephon-icon-rot-300x300.jpg 300w, https:\/\/www.ktcscheibbs.at\/wp-content\/uploads\/2016\/06\/telephon-icon-rot-768x768.jpg 768w, https:\/\/www.ktcscheibbs.at\/wp-content\/uploads\/2016\/06\/telephon-icon-rot-1024x1024.jpg 1024w, https:\/\/www.ktcscheibbs.at\/wp-content\/uploads\/2016\/06\/telephon-icon-rot-676x676.jpg 676w, https:\/\/www.ktcscheibbs.at\/wp-content\/uploads\/2016\/06\/telephon-icon-rot.jpg 1200w\" sizes=\"auto, (max-width: 150px) 100vw, 150px\" \/><\/a>\n\t\t\t<\/dt>\n\t\t\t\t<dd class='wp-caption-text gallery-caption' id='gallery-1-64'>\n\t\t\t\t Wir vereinbaren mit Ihnen telefonisch einen Reparaturtermin. Die Ersatzteile werden rechtzeitig geliefert, Ihre Wartezeit bei der Fahrzeug\u00fcbergabe wird gek\u00fcrzt, da alles vorbereitet ist.\n\t\t\t\t<\/dd><\/dl><dl class='gallery-item'>\n\t\t\t<dt class='gallery-icon landscape'>\n\t\t\t\t<a href='https:\/\/www.ktcscheibbs.at\/?attachment_id=148'><img loading=\"lazy\" decoding=\"async\" width=\"150\" height=\"150\" src=\"https:\/\/www.ktcscheibbs.at\/wp-content\/uploads\/2016\/12\/Sprechblase-150x150.jpg\" class=\"attachment-thumbnail size-thumbnail\" alt=\"\" aria-describedby=\"gallery-1-148\" \/><\/a>\n\t\t\t<\/dt>\n\t\t\t\t<dd class='wp-caption-text gallery-caption' id='gallery-1-148'>\n\t\t\t\tBesprechen Sie Ihre W\u00fcnsche mit unserem Kundendienstberater direkt an Ihrem Auto\n\n\t\t\t\t<\/dd><\/dl><dl class='gallery-item'>\n\t\t\t<dt class='gallery-icon landscape'>\n\t\t\t\t<a href='https:\/\/www.ktcscheibbs.at\/?attachment_id=289'><img loading=\"lazy\" decoding=\"async\" width=\"150\" height=\"150\" src=\"https:\/\/www.ktcscheibbs.at\/wp-content\/uploads\/2018\/01\/Glasreparatur-150x150.jpg\" class=\"attachment-thumbnail size-thumbnail\" alt=\"\" aria-describedby=\"gallery-1-289\" \/><\/a>\n\t\t\t<\/dt>\n\t\t\t\t<dd class='wp-caption-text gallery-caption' id='gallery-1-289'>\n\t\t\t\tWir bieten Glasreparaturen zum g\u00fcnstigen Preis.\n\t\t\t\t<\/dd><\/dl><br style=\"clear: both\" \/><dl class='gallery-item'>\n\t\t\t<dt class='gallery-icon landscape'>\n\t\t\t\t<a href='https:\/\/www.ktcscheibbs.at\/?attachment_id=145'><img loading=\"lazy\" decoding=\"async\" width=\"150\" height=\"150\" src=\"https:\/\/www.ktcscheibbs.at\/wp-content\/uploads\/2016\/12\/Lackiererei-150x150.jpg\" class=\"attachment-thumbnail size-thumbnail\" alt=\"\" aria-describedby=\"gallery-1-145\" \/><\/a>\n\t\t\t<\/dt>\n\t\t\t\t<dd class='wp-caption-text gallery-caption' id='gallery-1-145'>\n\t\t\t\tIn unserer eingerichteten Lackiererei verarbeiten wir ausschlie\u00dflich hochwertige und umweltfreundliche Wasserlacke.\n\t\t\t\t<\/dd><\/dl><dl class='gallery-item'>\n\t\t\t<dt class='gallery-icon landscape'>\n\t\t\t\t<a href='https:\/\/www.ktcscheibbs.at\/?attachment_id=79'><img loading=\"lazy\" decoding=\"async\" width=\"150\" height=\"150\" src=\"https:\/\/www.ktcscheibbs.at\/wp-content\/uploads\/2016\/06\/Spenglerei-150x150.jpg\" class=\"attachment-thumbnail size-thumbnail\" alt=\"\" aria-describedby=\"gallery-1-79\" \/><\/a>\n\t\t\t<\/dt>\n\t\t\t\t<dd class='wp-caption-text gallery-caption' id='gallery-1-79'>\n\t\t\t\tIn unserer Spenglerei bringen wir Ihr Fahrzeug wieder in Originalzustand. Vertrauen Sie auf h\u00f6chste Reparaturqualit\u00e4t und faire Preise.\n\t\t\t\t<\/dd><\/dl><dl class='gallery-item'>\n\t\t\t<dt class='gallery-icon landscape'>\n\t\t\t\t<a href='https:\/\/www.ktcscheibbs.at\/?attachment_id=81'><img loading=\"lazy\" decoding=\"async\" width=\"150\" height=\"150\" src=\"https:\/\/www.ktcscheibbs.at\/wp-content\/uploads\/2016\/06\/auto-pflegen-150x150.jpg\" class=\"attachment-thumbnail size-thumbnail\" alt=\"\" aria-describedby=\"gallery-1-81\" \/><\/a>\n\t\t\t<\/dt>\n\t\t\t\t<dd class='wp-caption-text gallery-caption' id='gallery-1-81'>\n\t\t\t\tTun Sie Ihrem Fahrzeug etwas Gutes. Hitze, K\u00e4lte, Salz und Schmutz machen den Lack stumpf und matt. Regelm\u00e4\u00dfige Pflege sorgt f\u00fcr Werterhaltung und gl\u00e4nzende Auftritte.\n\t\t\t\t<\/dd><\/dl><br style=\"clear: both\" \/><dl class='gallery-item'>\n\t\t\t<dt class='gallery-icon landscape'>\n\t\t\t\t<a href='https:\/\/www.ktcscheibbs.at\/?attachment_id=76'><img loading=\"lazy\" decoding=\"async\" width=\"150\" height=\"150\" src=\"https:\/\/www.ktcscheibbs.at\/wp-content\/uploads\/2016\/06\/Hol-Und-Bring-150x150.jpg\" class=\"attachment-thumbnail size-thumbnail\" alt=\"\" aria-describedby=\"gallery-1-76\" \/><\/a>\n\t\t\t<\/dt>\n\t\t\t\t<dd class='wp-caption-text gallery-caption' id='gallery-1-76'>\n\t\t\t\tWir holen ihr Fahrzeug von zu Hause oder von der Arbeitsst\u00e4tte ab und bringen es nach der Reparatur wieder zur\u00fcck\n\t\t\t\t<\/dd><\/dl><dl class='gallery-item'>\n\t\t\t<dt class='gallery-icon landscape'>\n\t\t\t\t<a href='https:\/\/www.ktcscheibbs.at\/?attachment_id=144'><img loading=\"lazy\" decoding=\"async\" width=\"150\" height=\"150\" src=\"https:\/\/www.ktcscheibbs.at\/wp-content\/uploads\/2016\/12\/Bankomat-150x150.jpg\" class=\"attachment-thumbnail size-thumbnail\" alt=\"\" aria-describedby=\"gallery-1-144\" \/><\/a>\n\t\t\t<\/dt>\n\t\t\t\t<dd class='wp-caption-text gallery-caption' id='gallery-1-144'>\n\t\t\t\tBei uns k\u00f6nnen Sie unkompliziert mit Ihrer Bankomat Karte bezahlen\n\t\t\t\t<\/dd><\/dl>\n\t\t\t<br style='clear: both' \/>\n\t\t<\/div>\n\n<table style=\"height: 314px;\" width=\"1377\">\n<tbody>\n<tr>\n<td>&nbsp;<\/td>\n<td>&nbsp;<\/td>\n<td>&nbsp;<\/td>\n<td>&nbsp;<\/td>\n<\/tr>\n<\/tbody>\n<\/table>\n<table style=\"height: 329px;\" width=\"1377\">\n<tbody>\n<tr>\n<td>&nbsp;<\/td>\n<td>&nbsp;<\/td>\n<td>&nbsp;<\/td>\n<td>&nbsp;<\/td>\n<\/tr>\n<\/tbody>\n<\/table>\n","protected":false},"excerpt":{"rendered":"<p>&nbsp; &nbsp; &nbsp; &nbsp; &nbsp; &nbsp; &nbsp; &nbsp;<\/p>\n","protected":false},"author":1,"featured_media":0,"parent":0,"menu_order":0,"comment_status":"closed","ping_status":"closed","template":"template-nosidebar.php","meta":{"ngg_post_thumbnail":0,"footnotes":""},"class_list":["post-46","page","type-page","status-publish","hentry","post-preview"],"_links":{"self":[{"href":"https:\/\/www.ktcscheibbs.at\/index.php?rest_route=\/wp\/v2\/pages\/46","targetHints":{"allow":["GET"]}}],"collection":[{"href":"https:\/\/www.ktcscheibbs.at\/index.php?rest_route=\/wp\/v2\/pages"}],"about":[{"href":"https:\/\/www.ktcscheibbs.at\/index.php?rest_route=\/wp\/v2\/types\/page"}],"author":[{"embeddable":true,"href":"https:\/\/www.ktcscheibbs.at\/index.php?rest_route=\/wp\/v2\/users\/1"}],"replies":[{"embeddable":true,"href":"https:\/\/www.ktcscheibbs.at\/index.php?rest_route=%2Fwp%2Fv2%2Fcomments&post=46"}],"version-history":[{"count":24,"href":"https:\/\/www.ktcscheibbs.at\/index.php?rest_route=\/wp\/v2\/pages\/46\/revisions"}],"predecessor-version":[{"id":489,"href":"https:\/\/www.ktcscheibbs.at\/index.php?rest_route=\/wp\/v2\/pages\/46\/revisions\/489"}],"wp:attachment":[{"href":"https:\/\/www.ktcscheibbs.at\/index.php?rest_route=%2Fwp%2Fv2%2Fmedia&parent=46"}],"curies":[{"name":"wp","href":"https:\/\/api.w.org\/{rel}","templated":true}]}}