{"id":44,"date":"2016-06-18T12:09:05","date_gmt":"2016-06-18T10:09:05","guid":{"rendered":"http:\/\/www.ktcscheibbs.at\/?page_id=44"},"modified":"2017-02-20T15:57:34","modified_gmt":"2017-02-20T14:57:34","slug":"impressum","status":"publish","type":"page","link":"https:\/\/www.ktcscheibbs.at\/?page_id=44","title":{"rendered":"Impressum"},"content":{"rendered":"<p><strong>Firmenanschrift<\/strong><br \/>\nKTC Egger Teufel GmbH<br \/>\nSt. Georgner Stra\u00dfe 18<br \/>\nA-3270 Scheibbs<\/p>\n<p>Firmenbuch-Nr. 450544s<br \/>\nUID-Nr.: ATU 70702135<br \/>\nRechtsform: Gesellschaft mit beschr\u00e4nkter Haftung<br \/>\nGerichtsstand: Landesgericht St. P\u00f6lten<\/p>\n<p><strong>Bankverbindung:<\/strong><\/p>\n<p>Volksbank \u00d6tscherland<strong><br \/>\n<\/strong>IBAN: AT094715042040040100<\/p>\n<p><strong>Eigent\u00fcmer:<\/strong><br \/>\nHerr Teufel Thomas<br \/>\nHerr Egger Thomas<\/p>\n<p><strong>Homepage<\/strong><br \/>\nwww.ktcscheibbs.at<br \/>\n\u00a92016 KTC Egger Teufel GmbH<br \/>\nalle Rechte sind dem Eigent\u00fcmer vorbehalten<\/p>\n","protected":false},"excerpt":{"rendered":"<p>Firmenanschrift KTC Egger Teufel GmbH St. Georgner Stra\u00dfe 18 A-3270 Scheibbs Firmenbuch-Nr. 450544s UID-Nr.: ATU 70702135 Rechtsform: Gesellschaft mit beschr\u00e4nkter Haftung Gerichtsstand: Landesgericht St. P\u00f6lten Bankverbindung: Volksbank \u00d6tscherland IBAN: AT094715042040040100 Eigent\u00fcmer: Herr Teufel Thomas Herr Egger Thomas Homepage www.ktcscheibbs.at \u00a92016 KTC Egger Teufel GmbH alle Rechte sind dem Eigent\u00fcmer vorbehalten<\/p>\n","protected":false},"author":1,"featured_media":0,"parent":0,"menu_order":0,"comment_status":"closed","ping_status":"closed","template":"","meta":{"ngg_post_thumbnail":0,"footnotes":""},"class_list":["post-44","page","type-page","status-publish","hentry","post-preview"],"_links":{"self":[{"href":"https:\/\/www.ktcscheibbs.at\/index.php?rest_route=\/wp\/v2\/pages\/44","targetHints":{"allow":["GET"]}}],"collection":[{"href":"https:\/\/www.ktcscheibbs.at\/index.php?rest_route=\/wp\/v2\/pages"}],"about":[{"href":"https:\/\/www.ktcscheibbs.at\/index.php?rest_route=\/wp\/v2\/types\/page"}],"author":[{"embeddable":true,"href":"https:\/\/www.ktcscheibbs.at\/index.php?rest_route=\/wp\/v2\/users\/1"}],"replies":[{"embeddable":true,"href":"https:\/\/www.ktcscheibbs.at\/index.php?rest_route=%2Fwp%2Fv2%2Fcomments&post=44"}],"version-history":[{"count":11,"href":"https:\/\/www.ktcscheibbs.at\/index.php?rest_route=\/wp\/v2\/pages\/44\/revisions"}],"predecessor-version":[{"id":175,"href":"https:\/\/www.ktcscheibbs.at\/index.php?rest_route=\/wp\/v2\/pages\/44\/revisions\/175"}],"wp:attachment":[{"href":"https:\/\/www.ktcscheibbs.at\/index.php?rest_route=%2Fwp%2Fv2%2Fmedia&parent=44"}],"curies":[{"name":"wp","href":"https:\/\/api.w.org\/{rel}","templated":true}]}}