{"id":40,"date":"2016-06-18T12:08:22","date_gmt":"2016-06-18T10:08:22","guid":{"rendered":"http:\/\/www.ktcscheibbs.at\/?page_id=40"},"modified":"2026-03-19T09:16:44","modified_gmt":"2026-03-19T08:16:44","slug":"ueber-uns","status":"publish","type":"page","link":"https:\/\/www.ktcscheibbs.at\/?page_id=40","title":{"rendered":"Team"},"content":{"rendered":"\n<div class=\"wp-block-media-text alignwide\" style=\"grid-template-columns:33% auto\"><figure class=\"wp-block-media-text__media\"><img loading=\"lazy\" decoding=\"async\" width=\"672\" height=\"480\" src=\"https:\/\/www.ktcscheibbs.at\/wp-content\/uploads\/2016\/06\/1IMG_7058-Kopie-Small-1.jpg\" alt=\"\" class=\"wp-image-243 size-full\" srcset=\"https:\/\/www.ktcscheibbs.at\/wp-content\/uploads\/2016\/06\/1IMG_7058-Kopie-Small-1.jpg 672w, https:\/\/www.ktcscheibbs.at\/wp-content\/uploads\/2016\/06\/1IMG_7058-Kopie-Small-1-300x214.jpg 300w\" sizes=\"auto, (max-width: 672px) 100vw, 672px\" \/><\/figure><div class=\"wp-block-media-text__content\">\n<h2 class=\"wp-block-heading\"><strong>Thomas Teufel<\/strong><\/h2>\n\n\n\n<p>Gesch\u00e4ftsf\u00fchrer, <br>KFZ- Technikermeister<\/p>\n<\/div><\/div>\n\n\n\n<div class=\"wp-block-media-text alignwide\" style=\"grid-template-columns:32% auto\"><figure class=\"wp-block-media-text__media\"><img loading=\"lazy\" decoding=\"async\" width=\"480\" height=\"672\" src=\"https:\/\/www.ktcscheibbs.at\/wp-content\/uploads\/2016\/06\/1IMG_7156-Kopie-Small.jpg\" alt=\"\" class=\"wp-image-249 size-full\" srcset=\"https:\/\/www.ktcscheibbs.at\/wp-content\/uploads\/2016\/06\/1IMG_7156-Kopie-Small.jpg 480w, https:\/\/www.ktcscheibbs.at\/wp-content\/uploads\/2016\/06\/1IMG_7156-Kopie-Small-214x300.jpg 214w\" sizes=\"auto, (max-width: 480px) 100vw, 480px\" \/><\/figure><div class=\"wp-block-media-text__content\">\n<h2 class=\"wp-block-heading\" id=\"mce_29\"><strong>Thomas Egger<\/strong><\/h2>\n\n\n\n<p> Gesch\u00e4ftsf\u00fchrer, <br>KFZ- Spengler- &amp; Lackiermeister <\/p>\n<\/div><\/div>\n\n\n\n<div class=\"wp-block-media-text alignwide is-stacked-on-mobile\" style=\"grid-template-columns:32% auto\"><figure class=\"wp-block-media-text__media\"><img loading=\"lazy\" decoding=\"async\" width=\"512\" height=\"512\" src=\"https:\/\/www.ktcscheibbs.at\/wp-content\/uploads\/2016\/06\/no_avatar.jpg\" alt=\"\" class=\"wp-image-268 size-full\" srcset=\"https:\/\/www.ktcscheibbs.at\/wp-content\/uploads\/2016\/06\/no_avatar.jpg 512w, https:\/\/www.ktcscheibbs.at\/wp-content\/uploads\/2016\/06\/no_avatar-150x150.jpg 150w, https:\/\/www.ktcscheibbs.at\/wp-content\/uploads\/2016\/06\/no_avatar-300x300.jpg 300w\" sizes=\"auto, (max-width: 512px) 100vw, 512px\" \/><\/figure><div class=\"wp-block-media-text__content\">\n<h2 class=\"wp-block-heading\" id=\"mce_40\"><strong>Marcel Emsenhuber<\/strong><\/h2>\n\n\n\n<p>KFZ &#8211; Techniker <\/p>\n<\/div><\/div>\n\n\n\n<div class=\"wp-block-media-text alignwide is-stacked-on-mobile\" style=\"grid-template-columns:32% auto\"><figure class=\"wp-block-media-text__media\"><img loading=\"lazy\" decoding=\"async\" width=\"512\" height=\"512\" src=\"https:\/\/www.ktcscheibbs.at\/wp-content\/uploads\/2016\/06\/no_avatar.jpg\" alt=\"\" class=\"wp-image-268 size-full\" srcset=\"https:\/\/www.ktcscheibbs.at\/wp-content\/uploads\/2016\/06\/no_avatar.jpg 512w, https:\/\/www.ktcscheibbs.at\/wp-content\/uploads\/2016\/06\/no_avatar-150x150.jpg 150w, https:\/\/www.ktcscheibbs.at\/wp-content\/uploads\/2016\/06\/no_avatar-300x300.jpg 300w\" sizes=\"auto, (max-width: 512px) 100vw, 512px\" \/><\/figure><div class=\"wp-block-media-text__content\">\n<h2 class=\"wp-block-heading\" id=\"mce_40\"><strong>Manuel Baumgartner<\/strong><\/h2>\n\n\n\n<p>KFZ &#8211; Techniker Lehrling<\/p>\n<\/div><\/div>\n\n\n\n<div class=\"wp-block-media-text alignwide is-stacked-on-mobile\" style=\"grid-template-columns:32% auto\"><figure class=\"wp-block-media-text__media\"><img loading=\"lazy\" decoding=\"async\" width=\"480\" height=\"672\" src=\"https:\/\/www.ktcscheibbs.at\/wp-content\/uploads\/2016\/06\/1IMG_7070-Kopie-Small.jpg\" alt=\"\" class=\"wp-image-244 size-full\" srcset=\"https:\/\/www.ktcscheibbs.at\/wp-content\/uploads\/2016\/06\/1IMG_7070-Kopie-Small.jpg 480w, https:\/\/www.ktcscheibbs.at\/wp-content\/uploads\/2016\/06\/1IMG_7070-Kopie-Small-214x300.jpg 214w\" sizes=\"auto, (max-width: 480px) 100vw, 480px\" \/><\/figure><div class=\"wp-block-media-text__content\">\n<h2 class=\"wp-block-heading\" id=\"mce_37\"><strong>Martin Lugbauer<\/strong><\/h2>\n\n\n\n<p>KFZ &#8211; Spengler &amp; Lackiermeister<\/p>\n<\/div><\/div>\n\n\n\n<div class=\"wp-block-media-text alignwide is-stacked-on-mobile\" style=\"grid-template-columns:32% auto\"><figure class=\"wp-block-media-text__media\"><img loading=\"lazy\" decoding=\"async\" width=\"512\" height=\"512\" src=\"https:\/\/www.ktcscheibbs.at\/wp-content\/uploads\/2016\/06\/no_avatar.jpg\" alt=\"\" class=\"wp-image-268 size-full\" srcset=\"https:\/\/www.ktcscheibbs.at\/wp-content\/uploads\/2016\/06\/no_avatar.jpg 512w, https:\/\/www.ktcscheibbs.at\/wp-content\/uploads\/2016\/06\/no_avatar-150x150.jpg 150w, https:\/\/www.ktcscheibbs.at\/wp-content\/uploads\/2016\/06\/no_avatar-300x300.jpg 300w\" sizes=\"auto, (max-width: 512px) 100vw, 512px\" \/><\/figure><div class=\"wp-block-media-text__content\">\n<h2 class=\"wp-block-heading\" id=\"mce_40\"><strong>Sebastian Dorn<\/strong><\/h2>\n\n\n\n<p>KFZ &#8211;  Spengler &amp; Lackierer<\/p>\n<\/div><\/div>\n\n\n\n<div class=\"wp-block-media-text alignwide is-stacked-on-mobile\" style=\"grid-template-columns:32% auto\"><figure class=\"wp-block-media-text__media\"><img loading=\"lazy\" decoding=\"async\" width=\"512\" height=\"512\" src=\"https:\/\/www.ktcscheibbs.at\/wp-content\/uploads\/2016\/06\/no_avatar.jpg\" alt=\"\" class=\"wp-image-268 size-full\" srcset=\"https:\/\/www.ktcscheibbs.at\/wp-content\/uploads\/2016\/06\/no_avatar.jpg 512w, https:\/\/www.ktcscheibbs.at\/wp-content\/uploads\/2016\/06\/no_avatar-150x150.jpg 150w, https:\/\/www.ktcscheibbs.at\/wp-content\/uploads\/2016\/06\/no_avatar-300x300.jpg 300w\" sizes=\"auto, (max-width: 512px) 100vw, 512px\" \/><\/figure><div class=\"wp-block-media-text__content\">\n<h2 class=\"wp-block-heading\" id=\"mce_40\"><strong>Pascal Daurer<\/strong><\/h2>\n\n\n\n<p>KFZ &#8211; Spengler &amp; Lackierer Lehrling<\/p>\n<\/div><\/div>\n\n\n\n<div class=\"wp-block-media-text alignwide is-stacked-on-mobile\" style=\"grid-template-columns:33% auto\"><figure class=\"wp-block-media-text__media\"><img loading=\"lazy\" decoding=\"async\" width=\"512\" height=\"512\" src=\"https:\/\/www.ktcscheibbs.at\/wp-content\/uploads\/2016\/06\/no_avatar.jpg\" alt=\"\" class=\"wp-image-268 size-full\" srcset=\"https:\/\/www.ktcscheibbs.at\/wp-content\/uploads\/2016\/06\/no_avatar.jpg 512w, https:\/\/www.ktcscheibbs.at\/wp-content\/uploads\/2016\/06\/no_avatar-150x150.jpg 150w, https:\/\/www.ktcscheibbs.at\/wp-content\/uploads\/2016\/06\/no_avatar-300x300.jpg 300w\" sizes=\"auto, (max-width: 512px) 100vw, 512px\" \/><\/figure><div class=\"wp-block-media-text__content\">\n<h2 class=\"wp-block-heading\" id=\"mce_44\"><strong>Emely Teufel<\/strong><\/h2>\n\n\n\n<p>B\u00fcro, Lager, Terminvereinbarung, Administration, Verrechnung<\/p>\n<\/div><\/div>\n\n\n\n<div class=\"wp-block-media-text alignwide is-stacked-on-mobile\" style=\"grid-template-columns:33% auto\"><figure class=\"wp-block-media-text__media\"><img loading=\"lazy\" decoding=\"async\" width=\"512\" height=\"512\" src=\"https:\/\/www.ktcscheibbs.at\/wp-content\/uploads\/2016\/06\/no_avatar.jpg\" alt=\"\" class=\"wp-image-268 size-full\" srcset=\"https:\/\/www.ktcscheibbs.at\/wp-content\/uploads\/2016\/06\/no_avatar.jpg 512w, https:\/\/www.ktcscheibbs.at\/wp-content\/uploads\/2016\/06\/no_avatar-150x150.jpg 150w, https:\/\/www.ktcscheibbs.at\/wp-content\/uploads\/2016\/06\/no_avatar-300x300.jpg 300w\" sizes=\"auto, (max-width: 512px) 100vw, 512px\" \/><\/figure><div class=\"wp-block-media-text__content\">\n<h2 class=\"wp-block-heading\" id=\"mce_44\"><strong>Viktoria Leichtfried<\/strong><\/h2>\n\n\n\n<p>Buchhaltung<\/p>\n<\/div><\/div>\n\n\n<div>\n<div class=\"person_item\" style=\"width: 33%; float: left;\">&nbsp;<\/div>\n<div class=\"person_item\" style=\"width: 33%; float: left;\">&nbsp;<\/div>\n<div class=\"person_item\" style=\"width: 33%; float: left;\">&nbsp;<\/div>\n<\/div>\n<div class=\"person_item\" style=\"width: 33%; float: left;\">&nbsp;<\/div>\n<div class=\"person_item\" style=\"width: 33%; float: left;\">&nbsp;<\/div>\n<div class=\"person_item\" style=\"width: 33%; float: left;\">&nbsp;<\/div>\n<div class=\"person_item\" style=\"width: 33%; float: left;\">&nbsp;<\/div>\n<div class=\"person_item\" style=\"width: 33%; float: left;\">&nbsp;<\/div>\n<p>&nbsp;<\/p>\n<p><img loading=\"lazy\" decoding=\"async\" class=\"alignnone size-full wp-image-239\" src=\"http:\/\/www.ktcscheibbs.at\/wp-content\/uploads\/2016\/06\/1IMG_7005-Kopie-Small.jpg\" alt=\"\" width=\"672\" height=\"480\" srcset=\"https:\/\/www.ktcscheibbs.at\/wp-content\/uploads\/2016\/06\/1IMG_7005-Kopie-Small.jpg 672w, https:\/\/www.ktcscheibbs.at\/wp-content\/uploads\/2016\/06\/1IMG_7005-Kopie-Small-300x214.jpg 300w\" sizes=\"auto, (max-width: 672px) 100vw, 672px\" \/><\/p>\n<p>&nbsp;<\/p>","protected":false},"excerpt":{"rendered":"<p>Thomas Teufel Gesch\u00e4ftsf\u00fchrer, KFZ- Technikermeister Thomas Egger Gesch\u00e4ftsf\u00fchrer, KFZ- Spengler- &amp; Lackiermeister Marcel Emsenhuber KFZ &#8211; Techniker Manuel Baumgartner KFZ &#8211; Techniker Lehrling Martin Lugbauer KFZ &#8211; Spengler &amp; Lackiermeister Sebastian Dorn KFZ &#8211; Spengler &amp; Lackierer Pascal Daurer KFZ &#8211; Spengler &amp; Lackierer Lehrling Emely Teufel B\u00fcro, Lager, Terminvereinbarung, Administration, Verrechnung Viktoria Leichtfried Buchhaltung [&hellip;]<\/p>\n","protected":false},"author":1,"featured_media":0,"parent":0,"menu_order":0,"comment_status":"closed","ping_status":"closed","template":"","meta":{"ngg_post_thumbnail":0,"footnotes":""},"class_list":["post-40","page","type-page","status-publish","hentry","post-preview"],"_links":{"self":[{"href":"https:\/\/www.ktcscheibbs.at\/index.php?rest_route=\/wp\/v2\/pages\/40","targetHints":{"allow":["GET"]}}],"collection":[{"href":"https:\/\/www.ktcscheibbs.at\/index.php?rest_route=\/wp\/v2\/pages"}],"about":[{"href":"https:\/\/www.ktcscheibbs.at\/index.php?rest_route=\/wp\/v2\/types\/page"}],"author":[{"embeddable":true,"href":"https:\/\/www.ktcscheibbs.at\/index.php?rest_route=\/wp\/v2\/users\/1"}],"replies":[{"embeddable":true,"href":"https:\/\/www.ktcscheibbs.at\/index.php?rest_route=%2Fwp%2Fv2%2Fcomments&post=40"}],"version-history":[{"count":38,"href":"https:\/\/www.ktcscheibbs.at\/index.php?rest_route=\/wp\/v2\/pages\/40\/revisions"}],"predecessor-version":[{"id":484,"href":"https:\/\/www.ktcscheibbs.at\/index.php?rest_route=\/wp\/v2\/pages\/40\/revisions\/484"}],"wp:attachment":[{"href":"https:\/\/www.ktcscheibbs.at\/index.php?rest_route=%2Fwp%2Fv2%2Fmedia&parent=40"}],"curies":[{"name":"wp","href":"https:\/\/api.w.org\/{rel}","templated":true}]}}